{"id":1915,"date":"2015-10-08T15:04:01","date_gmt":"2015-10-08T15:04:01","guid":{"rendered":"http:\/\/www.spiritofpolo.com\/product\/semana-spirit-of-polo"},"modified":"2016-10-12T23:48:37","modified_gmt":"2016-10-12T23:48:37","slug":"semana-spirit-of-polo","status":"publish","type":"product","link":"https:\/\/www.spiritofpolo.com.ar\/en\/product\/semana-spirit-of-polo","title":{"rendered":"Semana Spirit of Polo"},"content":{"rendered":"<div id=\"short_description_content\" class=\"rte align_justify\">Ubicada a 70 km al sur de Buenos Aires, este club de polo familiar est\u00e1 dirigido por una familia de jugadores. Ellos lo ayudar\u00e1n a perfeccionarse gracias a clases de taqueo por la ma\u00f1ana y las pr\u00e1cticas por la tarde. Disfrute de la noche en el campo luego de comer un asado a la le\u00f1a, junto a un buen Malbec argentino! 8 jugadores maximo.<\/div>\n<div class=\"rte align_justify\">\n<p>Incluido<\/p>\n<p>&#8211; 7 dias de cl\u00ednica de Polo a 70 km de Buenos Aires, pensi\u00f3n completa.<\/p>\n<p>&#8211; Transporte Aeropuerto-Club de Polo, Club de Polo-Aeropuerto.<\/p>\n<p>\u00a0<\/p>\n<p>Programa:<\/p>\n<p>7 dias de clases intensivas de polo con taqueo (1 a 2 caballos) cada ma\u00f1ana, seguida de una pr\u00e1ctica de 2\/4 chuckkers por la tarde (1 a 2 caballos, seg\u00fan el nivel)<\/p>\n<p>Desayunos, almuerzos, meriendas y cenas t\u00edpicas argentinas incluidos.<\/p>\n<p>Posibilidad de realizar paseos a caballo alrededor de la propiedad a voluntad.<\/p>\n<\/div>\n","protected":false},"excerpt":{"rendered":"<div id=\"short_description_content\" class=\"rte align_justify\">Ubicada a 70 km al sur de Buenos Aires, este club de polo familiar est\u00e1 dirigido por una familia de jugadores. Ellos lo ayudar\u00e1n a perfeccionarse gracias a clases de taqueo por la ma\u00f1ana y las pr\u00e1cticas por la tarde. Disfrute de la noche en el campo luego de comer un asado a la le\u00f1a, junto a un buen Malbec argentino! 8 jugadores maximo.<\/div>\n<div class=\"rte align_justify\">\n<p>Incluido<\/p>\n<p>&#8211; 7 dias de cl\u00ednica de Polo a 70 km de Buenos Aires, pensi\u00f3n completa.<\/p>\n<p>&#8211; Transporte Aeropuerto-Club de Polo, Club de Polo-Aeropuerto.<\/p>\n<p>Programa:<\/p>\n<p>7 dias de clases intensivas de polo con taqueo (1 a 2 caballos) cada ma\u00f1ana, seguida de una pr\u00e1ctica de 2\/4 chuckkers por la tarde (1 a 2 caballo, seg\u00fan el nivel)<\/p>\n<p>Desayunos, almuerzos, meriendas y cenas t\u00edpicas argentinas incluidos.<\/p>\n<p>Posibilidad de realizar paseos a caballo alrededor de la propiedad a voluntad.<\/p>\n<\/div>\n","protected":false},"featured_media":2128,"comment_status":"open","ping_status":"closed","template":"","meta":[],"product_cat":[1760,89],"product_tag":[1200,125,1297],"acf":[],"yoast_head":"<!-- This site is optimized with the Yoast SEO plugin v20.4 - https:\/\/yoast.com\/wordpress\/plugins\/seo\/ -->\n<title>Semana Spirit of Polo - Spirit of Polo - Spirit of Jumping<\/title>\n<meta name=\"robots\" content=\"index, follow, max-snippet:-1, max-image-preview:large, max-video-preview:-1\" \/>\n<link rel=\"canonical\" href=\"https:\/\/www.spiritofpolo.com.ar\/en\/product\/semana-spirit-of-polo\" \/>\n<meta property=\"og:locale\" content=\"en_US\" \/>\n<meta property=\"og:type\" content=\"article\" \/>\n<meta property=\"og:title\" content=\"Semana Spirit of Polo - Spirit of Polo - Spirit of Jumping\" \/>\n<meta property=\"og:description\" content=\"Ubicada a 70 km al sur de Buenos Aires, este club de polo familiar est\u00e1 dirigido por una familia de jugadores. Ellos lo ayudar\u00e1n a perfeccionarse gracias a clases de taqueo por la ma\u00f1ana y las pr\u00e1cticas por la tarde. Disfrute de la noche en el campo luego de comer un asado a la le\u00f1a, junto a un buen Malbec argentino! 8 jugadores maximo.Incluido- 7 dias de cl\u00ednica de Polo a 70 km de Buenos Aires, pensi\u00f3n completa.- Transporte Aeropuerto-Club de Polo, Club de Polo-Aeropuerto.Programa:7 dias de clases intensivas de polo con taqueo (1 a 2 caballos) cada ma\u00f1ana, seguida de una pr\u00e1ctica de 2\/4 chuckkers por la tarde (1 a 2 caballo, seg\u00fan el nivel)Desayunos, almuerzos, meriendas y cenas t\u00edpicas argentinas incluidos.Posibilidad de realizar paseos a caballo alrededor de la propiedad a voluntad.\" \/>\n<meta property=\"og:url\" content=\"https:\/\/www.spiritofpolo.com.ar\/en\/product\/semana-spirit-of-polo\" \/>\n<meta property=\"og:site_name\" content=\"Spirit of Polo - Spirit of Jumping\" \/>\n<meta property=\"article:modified_time\" content=\"2016-10-12T23:48:37+00:00\" \/>\n<meta property=\"og:image\" content=\"https:\/\/www.spiritofpolo.com.ar\/wp-content\/uploads\/2015\/10\/polo_entablada_10_resultat.jpg\" \/>\n\t<meta property=\"og:image:width\" content=\"555\" \/>\n\t<meta property=\"og:image:height\" content=\"710\" \/>\n\t<meta property=\"og:image:type\" content=\"image\/jpeg\" \/>\n<meta name=\"twitter:card\" content=\"summary_large_image\" \/>\n<meta name=\"twitter:label1\" content=\"Est. reading time\" \/>\n\t<meta name=\"twitter:data1\" content=\"1 minute\" \/>\n<script type=\"application\/ld+json\" class=\"yoast-schema-graph\">{\"@context\":\"https:\/\/schema.org\",\"@graph\":[{\"@type\":\"WebPage\",\"@id\":\"https:\/\/www.spiritofpolo.com.ar\/en\/product\/semana-spirit-of-polo\",\"url\":\"https:\/\/www.spiritofpolo.com.ar\/en\/product\/semana-spirit-of-polo\",\"name\":\"Semana Spirit of Polo - Spirit of Polo - Spirit of Jumping\",\"isPartOf\":{\"@id\":\"https:\/\/www.spiritofpolo.com.ar\/en#website\"},\"datePublished\":\"2015-10-08T15:04:01+00:00\",\"dateModified\":\"2016-10-12T23:48:37+00:00\",\"breadcrumb\":{\"@id\":\"https:\/\/www.spiritofpolo.com.ar\/en\/product\/semana-spirit-of-polo#breadcrumb\"},\"inLanguage\":\"en-US\",\"potentialAction\":[{\"@type\":\"ReadAction\",\"target\":[\"https:\/\/www.spiritofpolo.com.ar\/en\/product\/semana-spirit-of-polo\"]}]},{\"@type\":\"BreadcrumbList\",\"@id\":\"https:\/\/www.spiritofpolo.com.ar\/en\/product\/semana-spirit-of-polo#breadcrumb\",\"itemListElement\":[{\"@type\":\"ListItem\",\"position\":1,\"name\":\"Home\",\"item\":\"https:\/\/www.spiritofpolo.com.ar\/en\"},{\"@type\":\"ListItem\",\"position\":2,\"name\":\"Shop\",\"item\":\"https:\/\/www.spiritofpolo.com.ar\/en\/shop\"},{\"@type\":\"ListItem\",\"position\":3,\"name\":\"Semana Spirit of Polo\"}]},{\"@type\":\"WebSite\",\"@id\":\"https:\/\/www.spiritofpolo.com.ar\/en#website\",\"url\":\"https:\/\/www.spiritofpolo.com.ar\/en\",\"name\":\"Spirit of Polo - Spirit of Jumping\",\"description\":\"Argentine Polo Equipment\",\"publisher\":{\"@id\":\"https:\/\/www.spiritofpolo.com.ar\/en#organization\"},\"potentialAction\":[{\"@type\":\"SearchAction\",\"target\":{\"@type\":\"EntryPoint\",\"urlTemplate\":\"https:\/\/www.spiritofpolo.com.ar\/en?s={search_term_string}\"},\"query-input\":\"required name=search_term_string\"}],\"inLanguage\":\"en-US\"},{\"@type\":\"Organization\",\"@id\":\"https:\/\/www.spiritofpolo.com.ar\/en#organization\",\"name\":\"Spirit of Polo - Spirit of Jumping\",\"url\":\"https:\/\/www.spiritofpolo.com.ar\/en\",\"logo\":{\"@type\":\"ImageObject\",\"inLanguage\":\"en-US\",\"@id\":\"https:\/\/www.spiritofpolo.com.ar\/en#\/schema\/logo\/image\/\",\"url\":\"\",\"contentUrl\":\"\",\"caption\":\"Spirit of Polo - Spirit of Jumping\"},\"image\":{\"@id\":\"https:\/\/www.spiritofpolo.com.ar\/en#\/schema\/logo\/image\/\"}}]}<\/script>\n<!-- \/ Yoast SEO plugin. -->","yoast_head_json":{"title":"Semana Spirit of Polo - Spirit of Polo - Spirit of Jumping","robots":{"index":"index","follow":"follow","max-snippet":"max-snippet:-1","max-image-preview":"max-image-preview:large","max-video-preview":"max-video-preview:-1"},"canonical":"https:\/\/www.spiritofpolo.com.ar\/en\/product\/semana-spirit-of-polo","og_locale":"en_US","og_type":"article","og_title":"Semana Spirit of Polo - Spirit of Polo - Spirit of Jumping","og_description":"Ubicada a 70 km al sur de Buenos Aires, este club de polo familiar est\u00e1 dirigido por una familia de jugadores. Ellos lo ayudar\u00e1n a perfeccionarse gracias a clases de taqueo por la ma\u00f1ana y las pr\u00e1cticas por la tarde. Disfrute de la noche en el campo luego de comer un asado a la le\u00f1a, junto a un buen Malbec argentino! 8 jugadores maximo.Incluido- 7 dias de cl\u00ednica de Polo a 70 km de Buenos Aires, pensi\u00f3n completa.- Transporte Aeropuerto-Club de Polo, Club de Polo-Aeropuerto.Programa:7 dias de clases intensivas de polo con taqueo (1 a 2 caballos) cada ma\u00f1ana, seguida de una pr\u00e1ctica de 2\/4 chuckkers por la tarde (1 a 2 caballo, seg\u00fan el nivel)Desayunos, almuerzos, meriendas y cenas t\u00edpicas argentinas incluidos.Posibilidad de realizar paseos a caballo alrededor de la propiedad a voluntad.","og_url":"https:\/\/www.spiritofpolo.com.ar\/en\/product\/semana-spirit-of-polo","og_site_name":"Spirit of Polo - Spirit of Jumping","article_modified_time":"2016-10-12T23:48:37+00:00","og_image":[{"width":555,"height":710,"url":"https:\/\/www.spiritofpolo.com.ar\/wp-content\/uploads\/2015\/10\/polo_entablada_10_resultat.jpg","type":"image\/jpeg"}],"twitter_card":"summary_large_image","twitter_misc":{"Est. reading time":"1 minute"},"schema":{"@context":"https:\/\/schema.org","@graph":[{"@type":"WebPage","@id":"https:\/\/www.spiritofpolo.com.ar\/en\/product\/semana-spirit-of-polo","url":"https:\/\/www.spiritofpolo.com.ar\/en\/product\/semana-spirit-of-polo","name":"Semana Spirit of Polo - Spirit of Polo - Spirit of Jumping","isPartOf":{"@id":"https:\/\/www.spiritofpolo.com.ar\/en#website"},"datePublished":"2015-10-08T15:04:01+00:00","dateModified":"2016-10-12T23:48:37+00:00","breadcrumb":{"@id":"https:\/\/www.spiritofpolo.com.ar\/en\/product\/semana-spirit-of-polo#breadcrumb"},"inLanguage":"en-US","potentialAction":[{"@type":"ReadAction","target":["https:\/\/www.spiritofpolo.com.ar\/en\/product\/semana-spirit-of-polo"]}]},{"@type":"BreadcrumbList","@id":"https:\/\/www.spiritofpolo.com.ar\/en\/product\/semana-spirit-of-polo#breadcrumb","itemListElement":[{"@type":"ListItem","position":1,"name":"Home","item":"https:\/\/www.spiritofpolo.com.ar\/en"},{"@type":"ListItem","position":2,"name":"Shop","item":"https:\/\/www.spiritofpolo.com.ar\/en\/shop"},{"@type":"ListItem","position":3,"name":"Semana Spirit of Polo"}]},{"@type":"WebSite","@id":"https:\/\/www.spiritofpolo.com.ar\/en#website","url":"https:\/\/www.spiritofpolo.com.ar\/en","name":"Spirit of Polo - Spirit of Jumping","description":"Argentine Polo Equipment","publisher":{"@id":"https:\/\/www.spiritofpolo.com.ar\/en#organization"},"potentialAction":[{"@type":"SearchAction","target":{"@type":"EntryPoint","urlTemplate":"https:\/\/www.spiritofpolo.com.ar\/en?s={search_term_string}"},"query-input":"required name=search_term_string"}],"inLanguage":"en-US"},{"@type":"Organization","@id":"https:\/\/www.spiritofpolo.com.ar\/en#organization","name":"Spirit of Polo - Spirit of Jumping","url":"https:\/\/www.spiritofpolo.com.ar\/en","logo":{"@type":"ImageObject","inLanguage":"en-US","@id":"https:\/\/www.spiritofpolo.com.ar\/en#\/schema\/logo\/image\/","url":"","contentUrl":"","caption":"Spirit of Polo - Spirit of Jumping"},"image":{"@id":"https:\/\/www.spiritofpolo.com.ar\/en#\/schema\/logo\/image\/"}}]}},"tiered_pricing_type":"fixed","tiered_pricing_fixed_rules":[],"tiered_pricing_product_settings":{"layout":"default","base_unit_name":{"singular":null,"plural":null},"default_variation":null},"tiered_pricing_minimum_quantity":null,"tiered_pricing_roles_data":[],"tiered_pricing_percentage_rules":[],"_links":{"self":[{"href":"https:\/\/www.spiritofpolo.com.ar\/en\/wp-json\/wp\/v2\/product\/1915"}],"collection":[{"href":"https:\/\/www.spiritofpolo.com.ar\/en\/wp-json\/wp\/v2\/product"}],"about":[{"href":"https:\/\/www.spiritofpolo.com.ar\/en\/wp-json\/wp\/v2\/types\/product"}],"replies":[{"embeddable":true,"href":"https:\/\/www.spiritofpolo.com.ar\/en\/wp-json\/wp\/v2\/comments?post=1915"}],"wp:featuredmedia":[{"embeddable":true,"href":"https:\/\/www.spiritofpolo.com.ar\/en\/wp-json\/wp\/v2\/media\/2128"}],"wp:attachment":[{"href":"https:\/\/www.spiritofpolo.com.ar\/en\/wp-json\/wp\/v2\/media?parent=1915"}],"wp:term":[{"taxonomy":"product_cat","embeddable":true,"href":"https:\/\/www.spiritofpolo.com.ar\/en\/wp-json\/wp\/v2\/product_cat?post=1915"},{"taxonomy":"product_tag","embeddable":true,"href":"https:\/\/www.spiritofpolo.com.ar\/en\/wp-json\/wp\/v2\/product_tag?post=1915"}],"curies":[{"name":"wp","href":"https:\/\/api.w.org\/{rel}","templated":true}]}}