{"id":1918,"date":"2015-10-08T15:06:43","date_gmt":"2015-10-08T15:06:43","guid":{"rendered":"http:\/\/www.spiritofpolo.com\/product\/abierto-de-palermo-semana-de-polo"},"modified":"2016-10-12T23:42:32","modified_gmt":"2016-10-12T23:42:32","slug":"abierto-de-palermo-semana-de-polo","status":"publish","type":"product","link":"https:\/\/www.spiritofpolo.com.ar\/en\/product\/abierto-de-palermo-semana-de-polo","title":{"rendered":"Abierto de Palermo &#038; Semana de polo"},"content":{"rendered":"<p>Este Club de Polo situado en la pampa argentina, a 70km de Buenos Aires est\u00e1 dirigido por una familia de jugadores de polo.<\/p>\n<div id=\"idTab1\" class=\"\">\n<p>La familia les ense\u00f1ar\u00e1 a mejorar su polo con 5 ma\u00f1anas de stick &amp; ball y 5 tardes de pr\u00e1cticas. Despu\u00e9s, podr\u00e1n disfrutar de un asado y de un Malbec (vino argentino) al lado del fuego.<\/p>\n<p>Esta semana esta complementada con 4 d\u00edas en la Catedral del Polo Argentino en Palermo, en el centro de Buenos Aires, para asistir a 8 partidos de Alto Handicap (hasta 40 de Handicap por equipo). Terminar\u00e1n la jornada en medio de cientos de apasionados de polo que vienen del mundo entero. M\u00e1s de 10,000 caballos de polo transitan en Buenos Aires durante la temporada Argentina.<\/p>\n<p>\u00a0<\/p>\n<p>Inclu\u00eddo:<\/p>\n<p>Transporte: aeropuerto-hotel-aeropuerto &amp; hotel-Polo Club-hotel.<\/p>\n<p>2 noches con desayuno incluido en un hotel Boutique en Buenos Aires<br \/>Entradas para 4 d\u00edas para ver 8 partidos del Abierto de Palermo (5 si es la final).<\/p>\n<p>5 d\u00edas en pensi\u00f3n completa<br \/>5 clases de polo a la ma\u00f1ana<br \/>5 tardes con pr\u00e1cticas<\/p>\n<p>\u00a0<\/p>\n<p>\u00a0<\/p>\n<p>\u00a0<\/p>\n<p>Los ni\u00f1os y las personas que no juegan polo pueden participar de esta experiencia argentina disfrutando de Buenos Aires y descubriendo la cultura argentina.<\/p>\n<p>\u00a0<\/p>\n<\/div>\n","protected":false},"excerpt":{"rendered":"<p>Este Polo Club situado en la pampa argentina, a 70km de Buenos Aires es diregida por una familia de jugadores de polo.<\/p>\n<div id=\"idTab1\" class=\"\">\n<p>La familia los ense\u00f1ara a mejorar su polo con 5 ma\u00f1anas de stick &amp; ball y las 5 tardes de practicas. Despu\u00e9s, podr\u00edan disfrutar de un asado y de un Malbec (vino argentino) al lado del fuego.<\/p>\n<p>Esta semana esta complementada de 4 d\u00edas en la Catedral del Polo Argentino en Palermo, en el centro de Buenos Aires, para asistir a 8 partidos de alto Handicap (hasta 40 de Handicap por equipo). Van a acabar en el medio de una reuni\u00f3n con apasionados de polo que vienen del mundo entero. Se dice que vienen mas de 10,000 caballos de polo en Buenos Aires durante la temporada Argentina.<\/p>\n<p>Incluido:<\/p>\n<p>Transporte: aeropuerto-hotel-aeropuerto &amp; hotel-Polo Club-hotel.<\/p>\n<p>2 noches con desayuno incluido en un hotel Boutique en Buenos Aires<br \/>Entradas para 4 d\u00edas para ver 8 partidos del Abierto de Palermo (5 si final).<\/p>\n<p>5 dias en pension completa<br \/>5 classes de polo a la manana<br \/>5 tardes con practicas<\/p>\n<\/div>\n","protected":false},"featured_media":2164,"comment_status":"open","ping_status":"closed","template":"","meta":[],"product_cat":[1760,89],"product_tag":[568,1457,125,1297],"acf":[],"yoast_head":"<!-- This site is optimized with the Yoast SEO plugin v20.4 - https:\/\/yoast.com\/wordpress\/plugins\/seo\/ -->\n<title>Abierto de Palermo &amp; Semana de polo - Spirit of Polo - Spirit of Jumping<\/title>\n<meta name=\"robots\" content=\"index, follow, max-snippet:-1, max-image-preview:large, max-video-preview:-1\" \/>\n<link rel=\"canonical\" href=\"https:\/\/www.spiritofpolo.com.ar\/en\/product\/abierto-de-palermo-semana-de-polo\" \/>\n<meta property=\"og:locale\" content=\"en_US\" \/>\n<meta property=\"og:type\" content=\"article\" \/>\n<meta property=\"og:title\" content=\"Abierto de Palermo &amp; Semana de polo - Spirit of Polo - Spirit of Jumping\" \/>\n<meta property=\"og:description\" content=\"Este Polo Club situado en la pampa argentina, a 70km de Buenos Aires es diregida por una familia de jugadores de polo.La familia los ense\u00f1ara a mejorar su polo con 5 ma\u00f1anas de stick &amp; ball y las 5 tardes de practicas. Despu\u00e9s, podr\u00edan disfrutar de un asado y de un Malbec (vino argentino) al lado del fuego.Esta semana esta complementada de 4 d\u00edas en la Catedral del Polo Argentino en Palermo, en el centro de Buenos Aires, para asistir a 8 partidos de alto Handicap (hasta 40 de Handicap por equipo). Van a acabar en el medio de una reuni\u00f3n con apasionados de polo que vienen del mundo entero. Se dice que vienen mas de 10,000 caballos de polo en Buenos Aires durante la temporada Argentina.Incluido:Transporte: aeropuerto-hotel-aeropuerto &amp; hotel-Polo Club-hotel.2 noches con desayuno incluido en un hotel Boutique en Buenos AiresEntradas para 4 d\u00edas para ver 8 partidos del Abierto de Palermo (5 si final).5 dias en pension completa5 classes de polo a la manana5 tardes con practicas\" \/>\n<meta property=\"og:url\" content=\"https:\/\/www.spiritofpolo.com.ar\/en\/product\/abierto-de-palermo-semana-de-polo\" \/>\n<meta property=\"og:site_name\" content=\"Spirit of Polo - Spirit of Jumping\" \/>\n<meta property=\"article:modified_time\" content=\"2016-10-12T23:42:32+00:00\" \/>\n<meta property=\"og:image\" content=\"https:\/\/www.spiritofpolo.com.ar\/wp-content\/uploads\/2015\/10\/palermo_5.jpg\" \/>\n\t<meta property=\"og:image:width\" content=\"555\" \/>\n\t<meta property=\"og:image:height\" content=\"710\" \/>\n\t<meta property=\"og:image:type\" content=\"image\/jpeg\" \/>\n<meta name=\"twitter:card\" content=\"summary_large_image\" \/>\n<meta name=\"twitter:label1\" content=\"Est. reading time\" \/>\n\t<meta name=\"twitter:data1\" content=\"1 minute\" \/>\n<script type=\"application\/ld+json\" class=\"yoast-schema-graph\">{\"@context\":\"https:\/\/schema.org\",\"@graph\":[{\"@type\":\"WebPage\",\"@id\":\"https:\/\/www.spiritofpolo.com.ar\/en\/product\/abierto-de-palermo-semana-de-polo\",\"url\":\"https:\/\/www.spiritofpolo.com.ar\/en\/product\/abierto-de-palermo-semana-de-polo\",\"name\":\"Abierto de Palermo & Semana de polo - Spirit of Polo - Spirit of Jumping\",\"isPartOf\":{\"@id\":\"https:\/\/www.spiritofpolo.com.ar\/en#website\"},\"datePublished\":\"2015-10-08T15:06:43+00:00\",\"dateModified\":\"2016-10-12T23:42:32+00:00\",\"breadcrumb\":{\"@id\":\"https:\/\/www.spiritofpolo.com.ar\/en\/product\/abierto-de-palermo-semana-de-polo#breadcrumb\"},\"inLanguage\":\"en-US\",\"potentialAction\":[{\"@type\":\"ReadAction\",\"target\":[\"https:\/\/www.spiritofpolo.com.ar\/en\/product\/abierto-de-palermo-semana-de-polo\"]}]},{\"@type\":\"BreadcrumbList\",\"@id\":\"https:\/\/www.spiritofpolo.com.ar\/en\/product\/abierto-de-palermo-semana-de-polo#breadcrumb\",\"itemListElement\":[{\"@type\":\"ListItem\",\"position\":1,\"name\":\"Home\",\"item\":\"https:\/\/www.spiritofpolo.com.ar\/en\"},{\"@type\":\"ListItem\",\"position\":2,\"name\":\"Shop\",\"item\":\"https:\/\/www.spiritofpolo.com.ar\/en\/shop\"},{\"@type\":\"ListItem\",\"position\":3,\"name\":\"Abierto de Palermo &#038; Semana de polo\"}]},{\"@type\":\"WebSite\",\"@id\":\"https:\/\/www.spiritofpolo.com.ar\/en#website\",\"url\":\"https:\/\/www.spiritofpolo.com.ar\/en\",\"name\":\"Spirit of Polo - Spirit of Jumping\",\"description\":\"Argentine Polo Equipment\",\"publisher\":{\"@id\":\"https:\/\/www.spiritofpolo.com.ar\/en#organization\"},\"potentialAction\":[{\"@type\":\"SearchAction\",\"target\":{\"@type\":\"EntryPoint\",\"urlTemplate\":\"https:\/\/www.spiritofpolo.com.ar\/en?s={search_term_string}\"},\"query-input\":\"required name=search_term_string\"}],\"inLanguage\":\"en-US\"},{\"@type\":\"Organization\",\"@id\":\"https:\/\/www.spiritofpolo.com.ar\/en#organization\",\"name\":\"Spirit of Polo - Spirit of Jumping\",\"url\":\"https:\/\/www.spiritofpolo.com.ar\/en\",\"logo\":{\"@type\":\"ImageObject\",\"inLanguage\":\"en-US\",\"@id\":\"https:\/\/www.spiritofpolo.com.ar\/en#\/schema\/logo\/image\/\",\"url\":\"\",\"contentUrl\":\"\",\"caption\":\"Spirit of Polo - Spirit of Jumping\"},\"image\":{\"@id\":\"https:\/\/www.spiritofpolo.com.ar\/en#\/schema\/logo\/image\/\"}}]}<\/script>\n<!-- \/ Yoast SEO plugin. -->","yoast_head_json":{"title":"Abierto de Palermo & Semana de polo - Spirit of Polo - Spirit of Jumping","robots":{"index":"index","follow":"follow","max-snippet":"max-snippet:-1","max-image-preview":"max-image-preview:large","max-video-preview":"max-video-preview:-1"},"canonical":"https:\/\/www.spiritofpolo.com.ar\/en\/product\/abierto-de-palermo-semana-de-polo","og_locale":"en_US","og_type":"article","og_title":"Abierto de Palermo & Semana de polo - Spirit of Polo - Spirit of Jumping","og_description":"Este Polo Club situado en la pampa argentina, a 70km de Buenos Aires es diregida por una familia de jugadores de polo.La familia los ense\u00f1ara a mejorar su polo con 5 ma\u00f1anas de stick &amp; ball y las 5 tardes de practicas. Despu\u00e9s, podr\u00edan disfrutar de un asado y de un Malbec (vino argentino) al lado del fuego.Esta semana esta complementada de 4 d\u00edas en la Catedral del Polo Argentino en Palermo, en el centro de Buenos Aires, para asistir a 8 partidos de alto Handicap (hasta 40 de Handicap por equipo). Van a acabar en el medio de una reuni\u00f3n con apasionados de polo que vienen del mundo entero. Se dice que vienen mas de 10,000 caballos de polo en Buenos Aires durante la temporada Argentina.Incluido:Transporte: aeropuerto-hotel-aeropuerto &amp; hotel-Polo Club-hotel.2 noches con desayuno incluido en un hotel Boutique en Buenos AiresEntradas para 4 d\u00edas para ver 8 partidos del Abierto de Palermo (5 si final).5 dias en pension completa5 classes de polo a la manana5 tardes con practicas","og_url":"https:\/\/www.spiritofpolo.com.ar\/en\/product\/abierto-de-palermo-semana-de-polo","og_site_name":"Spirit of Polo - Spirit of Jumping","article_modified_time":"2016-10-12T23:42:32+00:00","og_image":[{"width":555,"height":710,"url":"https:\/\/www.spiritofpolo.com.ar\/wp-content\/uploads\/2015\/10\/palermo_5.jpg","type":"image\/jpeg"}],"twitter_card":"summary_large_image","twitter_misc":{"Est. reading time":"1 minute"},"schema":{"@context":"https:\/\/schema.org","@graph":[{"@type":"WebPage","@id":"https:\/\/www.spiritofpolo.com.ar\/en\/product\/abierto-de-palermo-semana-de-polo","url":"https:\/\/www.spiritofpolo.com.ar\/en\/product\/abierto-de-palermo-semana-de-polo","name":"Abierto de Palermo & Semana de polo - Spirit of Polo - Spirit of Jumping","isPartOf":{"@id":"https:\/\/www.spiritofpolo.com.ar\/en#website"},"datePublished":"2015-10-08T15:06:43+00:00","dateModified":"2016-10-12T23:42:32+00:00","breadcrumb":{"@id":"https:\/\/www.spiritofpolo.com.ar\/en\/product\/abierto-de-palermo-semana-de-polo#breadcrumb"},"inLanguage":"en-US","potentialAction":[{"@type":"ReadAction","target":["https:\/\/www.spiritofpolo.com.ar\/en\/product\/abierto-de-palermo-semana-de-polo"]}]},{"@type":"BreadcrumbList","@id":"https:\/\/www.spiritofpolo.com.ar\/en\/product\/abierto-de-palermo-semana-de-polo#breadcrumb","itemListElement":[{"@type":"ListItem","position":1,"name":"Home","item":"https:\/\/www.spiritofpolo.com.ar\/en"},{"@type":"ListItem","position":2,"name":"Shop","item":"https:\/\/www.spiritofpolo.com.ar\/en\/shop"},{"@type":"ListItem","position":3,"name":"Abierto de Palermo &#038; Semana de polo"}]},{"@type":"WebSite","@id":"https:\/\/www.spiritofpolo.com.ar\/en#website","url":"https:\/\/www.spiritofpolo.com.ar\/en","name":"Spirit of Polo - Spirit of Jumping","description":"Argentine Polo Equipment","publisher":{"@id":"https:\/\/www.spiritofpolo.com.ar\/en#organization"},"potentialAction":[{"@type":"SearchAction","target":{"@type":"EntryPoint","urlTemplate":"https:\/\/www.spiritofpolo.com.ar\/en?s={search_term_string}"},"query-input":"required name=search_term_string"}],"inLanguage":"en-US"},{"@type":"Organization","@id":"https:\/\/www.spiritofpolo.com.ar\/en#organization","name":"Spirit of Polo - Spirit of Jumping","url":"https:\/\/www.spiritofpolo.com.ar\/en","logo":{"@type":"ImageObject","inLanguage":"en-US","@id":"https:\/\/www.spiritofpolo.com.ar\/en#\/schema\/logo\/image\/","url":"","contentUrl":"","caption":"Spirit of Polo - Spirit of Jumping"},"image":{"@id":"https:\/\/www.spiritofpolo.com.ar\/en#\/schema\/logo\/image\/"}}]}},"tiered_pricing_type":"fixed","tiered_pricing_fixed_rules":[],"tiered_pricing_product_settings":{"layout":"default","base_unit_name":{"singular":null,"plural":null},"default_variation":null},"tiered_pricing_minimum_quantity":null,"tiered_pricing_roles_data":[],"tiered_pricing_percentage_rules":[],"_links":{"self":[{"href":"https:\/\/www.spiritofpolo.com.ar\/en\/wp-json\/wp\/v2\/product\/1918"}],"collection":[{"href":"https:\/\/www.spiritofpolo.com.ar\/en\/wp-json\/wp\/v2\/product"}],"about":[{"href":"https:\/\/www.spiritofpolo.com.ar\/en\/wp-json\/wp\/v2\/types\/product"}],"replies":[{"embeddable":true,"href":"https:\/\/www.spiritofpolo.com.ar\/en\/wp-json\/wp\/v2\/comments?post=1918"}],"wp:featuredmedia":[{"embeddable":true,"href":"https:\/\/www.spiritofpolo.com.ar\/en\/wp-json\/wp\/v2\/media\/2164"}],"wp:attachment":[{"href":"https:\/\/www.spiritofpolo.com.ar\/en\/wp-json\/wp\/v2\/media?parent=1918"}],"wp:term":[{"taxonomy":"product_cat","embeddable":true,"href":"https:\/\/www.spiritofpolo.com.ar\/en\/wp-json\/wp\/v2\/product_cat?post=1918"},{"taxonomy":"product_tag","embeddable":true,"href":"https:\/\/www.spiritofpolo.com.ar\/en\/wp-json\/wp\/v2\/product_tag?post=1918"}],"curies":[{"name":"wp","href":"https:\/\/api.w.org\/{rel}","templated":true}]}}